{"id":34,"date":"2018-12-20T17:05:18","date_gmt":"2018-12-20T16:05:18","guid":{"rendered":"https:\/\/romo-photo.club\/?page_id=34"},"modified":"2025-10-22T22:35:30","modified_gmt":"2025-10-22T20:35:30","slug":"partenaire","status":"publish","type":"page","link":"https:\/\/romo-photo.club\/index.php\/club\/partenaire\/","title":{"rendered":"Partenaires"},"content":{"rendered":"<div class=\"avalon_td_custom_content\" data-x-pos=\"center\">\n<p style=\"text-align: center;\">Nous tenons particuli\u00e8rement \u00e0 remercier nos partenaires institutionnels et professionnels&nbsp;pour leur confiance et leur aide pr\u00e9cieuse.<\/p>\n<\/div>\n\n\n<figure class=\"wp-block-image\"><a href=\"http:\/\/www.romorantin.com\/\" target=\"_blank\" rel=\"noopener\"><img loading=\"lazy\" decoding=\"async\" width=\"604\" height=\"203\" src=\"https:\/\/romo-photo.club\/wp-content\/uploads\/2019\/03\/Capture-d\u2019e\u0301cran-2019-03-10-a\u0300-18.23.31.png\" alt=\"\" class=\"wp-image-1634\" srcset=\"https:\/\/romo-photo.club\/wp-content\/uploads\/2019\/03\/Capture-d\u2019e\u0301cran-2019-03-10-a\u0300-18.23.31.png 604w, https:\/\/romo-photo.club\/wp-content\/uploads\/2019\/03\/Capture-d\u2019e\u0301cran-2019-03-10-a\u0300-18.23.31-300x101.png 300w\" sizes=\"auto, (max-width: 604px) 100vw, 604px\" \/><\/a><\/figure>\n\n\n\n<figure class=\"wp-block-image size-large is-resized\"><img loading=\"lazy\" decoding=\"async\" width=\"1024\" height=\"292\" src=\"https:\/\/romo-photo.club\/wp-content\/uploads\/2025\/09\/Credit-Agricole-1024x292.jpg\" alt=\"\" class=\"wp-image-14760\" style=\"width:491px;height:152px\" srcset=\"https:\/\/romo-photo.club\/wp-content\/uploads\/2025\/09\/Credit-Agricole-1024x292.jpg 1024w, https:\/\/romo-photo.club\/wp-content\/uploads\/2025\/09\/Credit-Agricole-300x86.jpg 300w, https:\/\/romo-photo.club\/wp-content\/uploads\/2025\/09\/Credit-Agricole-768x219.jpg 768w, https:\/\/romo-photo.club\/wp-content\/uploads\/2025\/09\/Credit-Agricole.jpg 1038w\" sizes=\"auto, (max-width: 1024px) 100vw, 1024px\" \/><\/figure>\n\n\n<p>Le romo photo club \u00e9tant soci\u00e9taire et partenaire du credit agricole, nous avons \u00e9t\u00e9 invit\u00e9s par celui-ci pour animer pendant 2h30 le stand dont les 4 photos de Bernard Leverd ont ravi les visiteurs.<\/p>\n<p>Cette animation a permis d\u2019engager d\u2019agr\u00e9ables conversations autour de la vie club et de\u00a0 faire participer les visiteurs \u00e0 une tombola.<\/p>\n\n\n<figure class=\"wp-block-gallery has-nested-images columns-2 is-cropped wp-block-gallery-2 is-layout-flex wp-block-gallery-is-layout-flex\">\n<figure class=\"wp-block-image size-large\"><img loading=\"lazy\" decoding=\"async\" width=\"640\" height=\"480\" data-id=\"12264\" src=\"https:\/\/romo-photo.club\/wp-content\/uploads\/2023\/11\/IMG_3206.jpg\" alt=\"\" class=\"wp-image-12264\" srcset=\"https:\/\/romo-photo.club\/wp-content\/uploads\/2023\/11\/IMG_3206.jpg 640w, https:\/\/romo-photo.club\/wp-content\/uploads\/2023\/11\/IMG_3206-300x225.jpg 300w\" sizes=\"auto, (max-width: 640px) 100vw, 640px\" \/><\/figure>\n\n\n\n<figure class=\"wp-block-image size-large\"><img loading=\"lazy\" decoding=\"async\" width=\"640\" height=\"480\" data-id=\"12261\" src=\"https:\/\/romo-photo.club\/wp-content\/uploads\/2023\/11\/IMG_3187.jpg\" alt=\"\" class=\"wp-image-12261\" srcset=\"https:\/\/romo-photo.club\/wp-content\/uploads\/2023\/11\/IMG_3187.jpg 640w, https:\/\/romo-photo.club\/wp-content\/uploads\/2023\/11\/IMG_3187-300x225.jpg 300w\" sizes=\"auto, (max-width: 640px) 100vw, 640px\" \/><\/figure>\n\n\n\n<figure class=\"wp-block-image size-large\"><img loading=\"lazy\" decoding=\"async\" width=\"640\" height=\"480\" data-id=\"12263\" src=\"https:\/\/romo-photo.club\/wp-content\/uploads\/2023\/11\/IMG_3197.jpg\" alt=\"\" class=\"wp-image-12263\" srcset=\"https:\/\/romo-photo.club\/wp-content\/uploads\/2023\/11\/IMG_3197.jpg 640w, https:\/\/romo-photo.club\/wp-content\/uploads\/2023\/11\/IMG_3197-300x225.jpg 300w\" sizes=\"auto, (max-width: 640px) 100vw, 640px\" \/><\/figure>\n\n\n\n<figure class=\"wp-block-image size-large\"><img loading=\"lazy\" decoding=\"async\" width=\"640\" height=\"480\" data-id=\"12262\" src=\"https:\/\/romo-photo.club\/wp-content\/uploads\/2023\/11\/IMG_3195.jpg\" alt=\"\" class=\"wp-image-12262\" srcset=\"https:\/\/romo-photo.club\/wp-content\/uploads\/2023\/11\/IMG_3195.jpg 640w, https:\/\/romo-photo.club\/wp-content\/uploads\/2023\/11\/IMG_3195-300x225.jpg 300w\" sizes=\"auto, (max-width: 640px) 100vw, 640px\" \/><\/figure>\n<\/figure>\n\n\n\n<figure class=\"wp-block-image size-large is-resized\"><a href=\"https:\/\/www.magasins-u.com\/magasin\/superu-pruniersensologne\" target=\"_blank\" rel=\"noopener\"><img loading=\"lazy\" decoding=\"async\" width=\"790\" height=\"553\" src=\"https:\/\/romo-photo.club\/wp-content\/uploads\/2021\/07\/logoSuperU.jpg\" alt=\"\" class=\"wp-image-7163\" style=\"width:608px;height:425px\" srcset=\"https:\/\/romo-photo.club\/wp-content\/uploads\/2021\/07\/logoSuperU.jpg 790w, https:\/\/romo-photo.club\/wp-content\/uploads\/2021\/07\/logoSuperU-300x210.jpg 300w, https:\/\/romo-photo.club\/wp-content\/uploads\/2021\/07\/logoSuperU-768x538.jpg 768w\" sizes=\"auto, (max-width: 790px) 100vw, 790px\" \/><\/a><\/figure>\n\n\n\n<figure class=\"wp-block-image is-resized\"><a href=\"https:\/\/www.ethic-etapes.fr\/ethic-etapes-jean-monnet\" target=\"_blank\" rel=\"noopener\"><img loading=\"lazy\" decoding=\"async\" width=\"255\" height=\"174\" src=\"https:\/\/romo-photo.club\/wp-content\/uploads\/2019\/03\/Capture-d\u2019e\u0301cran-2019-03-10-a\u0300-18.15.25.png\" alt=\"\" class=\"wp-image-1627\" style=\"width:349px;height:auto\"\/><\/a><\/figure>\n\n\n\n<figure class=\"wp-block-image size-full is-resized\"><img loading=\"lazy\" decoding=\"async\" width=\"406\" height=\"372\" src=\"https:\/\/romo-photo.club\/wp-content\/uploads\/2025\/07\/Capture2.jpg\" alt=\"\" class=\"wp-image-14648\" style=\"width:345px;height:auto\" srcset=\"https:\/\/romo-photo.club\/wp-content\/uploads\/2025\/07\/Capture2.jpg 406w, https:\/\/romo-photo.club\/wp-content\/uploads\/2025\/07\/Capture2-300x275.jpg 300w\" sizes=\"auto, (max-width: 406px) 100vw, 406px\" \/><\/figure>\n\n\n\n<p class=\"has-medium-font-size\"><em>Vous organisez un \u00e9v\u00e9nement ? Pensez \u00e0 <strong>Linkaband<\/strong> Photo pour r\u00e9server un&nbsp;<a href=\"https:\/\/linkaband.com\/recherche\/photographe\/romorantin-lanthenay\" target=\"_blank\" rel=\"noreferrer noopener\">photographe \u00e0 Romorantin-Lanthenay<\/a><\/em><\/p>\n\n\n\n<p class=\"has-medium-font-size\"><strong>Lien :<\/strong> <a href=\"https:\/\/linkaband.com\/blog-musique\/actualites\/meilleurs-clubs-associations-photo\" title=\"\">https:\/\/linkaband.com\/blog-musique\/actualites\/meilleurs-clubs-associations-photo<\/a><\/p>\n\n\n\n<figure class=\"wp-block-image size-full is-resized\"><img loading=\"lazy\" decoding=\"async\" width=\"242\" height=\"130\" src=\"https:\/\/romo-photo.club\/wp-content\/uploads\/2025\/10\/Menuiserie-Loyaute.jpg\" alt=\"\" class=\"wp-image-14773\" style=\"width:367px;height:auto\"\/><\/figure>\n\n\n\n<figure class=\"wp-block-image size-full is-resized\"><img loading=\"lazy\" decoding=\"async\" width=\"219\" height=\"200\" src=\"https:\/\/romo-photo.club\/wp-content\/uploads\/2025\/10\/Cine-Sologne.jpg\" alt=\"\" class=\"wp-image-14774\" style=\"width:323px;height:auto\"\/><\/figure>\n\n\n\n<figure class=\"wp-block-image size-full is-resized\"><img loading=\"lazy\" decoding=\"async\" width=\"524\" height=\"516\" src=\"https:\/\/romo-photo.club\/wp-content\/uploads\/2025\/10\/Monceau-assurances.jpg\" alt=\"\" class=\"wp-image-14775\" style=\"width:365px;height:auto\" srcset=\"https:\/\/romo-photo.club\/wp-content\/uploads\/2025\/10\/Monceau-assurances.jpg 524w, https:\/\/romo-photo.club\/wp-content\/uploads\/2025\/10\/Monceau-assurances-300x295.jpg 300w\" sizes=\"auto, (max-width: 524px) 100vw, 524px\" \/><\/figure>\n","protected":false},"excerpt":{"rendered":"<p>Nous tenons particuli\u00e8rement \u00e0 remercier nos partenaires institutionnels et professionnels&nbsp;pour leur confiance et leur aide pr\u00e9cieuse. Le romo photo club \u00e9tant soci\u00e9taire et partenaire du credit agricole, nous avons \u00e9t\u00e9 invit\u00e9s par celui-ci pour animer pendant 2h30 le stand dont les 4 photos de Bernard Leverd ont ravi les visiteurs. Cette animation a permis d\u2019engager [&hellip;]<\/p>\n","protected":false},"author":2,"featured_media":0,"parent":31,"menu_order":0,"comment_status":"closed","ping_status":"closed","template":"","meta":{"inline_featured_image":false,"_EventAllDay":false,"_EventTimezone":"","_EventStartDate":"","_EventEndDate":"","_EventStartDateUTC":"","_EventEndDateUTC":"","_EventShowMap":false,"_EventShowMapLink":false,"_EventURL":"","_EventCost":"","_EventCostDescription":"","_EventCurrencySymbol":"","_EventCurrencyCode":"","_EventCurrencyPosition":"","_EventDateTimeSeparator":"","_EventTimeRangeSeparator":"","_EventOrganizerID":[],"_EventVenueID":[],"_OrganizerEmail":"","_OrganizerPhone":"","_OrganizerWebsite":"","_VenueAddress":"","_VenueCity":"","_VenueCountry":"","_VenueProvince":"","_VenueState":"","_VenueZip":"","_VenuePhone":"","_VenueURL":"","_VenueStateProvince":"","_VenueLat":"","_VenueLng":"","_VenueShowMap":false,"_VenueShowMapLink":false,"footnotes":""},"class_list":["post-34","page","type-page","status-publish","hentry","post"],"aioseo_notices":[],"_links":{"self":[{"href":"https:\/\/romo-photo.club\/index.php\/wp-json\/wp\/v2\/pages\/34","targetHints":{"allow":["GET"]}}],"collection":[{"href":"https:\/\/romo-photo.club\/index.php\/wp-json\/wp\/v2\/pages"}],"about":[{"href":"https:\/\/romo-photo.club\/index.php\/wp-json\/wp\/v2\/types\/page"}],"author":[{"embeddable":true,"href":"https:\/\/romo-photo.club\/index.php\/wp-json\/wp\/v2\/users\/2"}],"replies":[{"embeddable":true,"href":"https:\/\/romo-photo.club\/index.php\/wp-json\/wp\/v2\/comments?post=34"}],"version-history":[{"count":34,"href":"https:\/\/romo-photo.club\/index.php\/wp-json\/wp\/v2\/pages\/34\/revisions"}],"predecessor-version":[{"id":14808,"href":"https:\/\/romo-photo.club\/index.php\/wp-json\/wp\/v2\/pages\/34\/revisions\/14808"}],"up":[{"embeddable":true,"href":"https:\/\/romo-photo.club\/index.php\/wp-json\/wp\/v2\/pages\/31"}],"wp:attachment":[{"href":"https:\/\/romo-photo.club\/index.php\/wp-json\/wp\/v2\/media?parent=34"}],"curies":[{"name":"wp","href":"https:\/\/api.w.org\/{rel}","templated":true}]}}