{"id":76,"date":"2024-09-08T18:53:45","date_gmt":"2024-09-08T16:53:45","guid":{"rendered":"https:\/\/romo-photo.club\/?page_id=76"},"modified":"2026-01-10T00:55:07","modified_gmt":"2026-01-09T23:55:07","slug":"organisation","status":"publish","type":"page","link":"https:\/\/romo-photo.club\/index.php\/club\/organisation\/","title":{"rendered":"Organisation"},"content":{"rendered":"\n<p>Vous pouvez, en cliquant sur le titre, consulter les diff\u00e9rents documents administratifs li\u00e9s \u00e0 l&rsquo;organisation du club.<\/p>\n\n\n\n<p><strong><a href=\"https:\/\/romo-photo.club\/wp-content\/uploads\/2026\/01\/Organigramme-RPC-7-janvier-2026-avec-trombiniscope.pdf\" title=\"\">L&rsquo;organigramme<\/a><\/strong><\/p>\n\n\n\n<p><a href=\"https:\/\/romo-photo.club\/wp-content\/uploads\/2024\/10\/Reglement-interieur-RPC-du-3-sept-2024.pdf\"><strong>R\u00e8glement int\u00e9rieur du RPC-Sept 2024<\/strong><\/a><\/p>\n\n\n\n<h6 class=\"wp-block-heading\"><a href=\"https:\/\/romo-photo.club\/wp-content\/uploads\/2024\/10\/Statuts-RPC.pdf\"><strong>Statuts du Romo Photo Club<\/strong><\/a><\/h6>\n\n\n\n<p><a href=\"https:\/\/romo-photo.club\/wp-content\/uploads\/2023\/03\/DELEGATION-DE-POUVOIR-AU-MANDATAIRE-ADMINISTRATIF-ROMO-PHOTO-CLUB-281022.pdf\" target=\"_blank\" rel=\"noopener\"><strong>D\u00e9l\u00e9gation de pouvoir au mandataire administratif de l&rsquo;association\u00a0\u00bbRomo Photo Club\u00a0\u00bb<\/strong><\/a><\/p>\n\n\n\n<p><\/p>\n","protected":false},"excerpt":{"rendered":"<p>Vous pouvez, en cliquant sur le titre, consulter les diff\u00e9rents documents administratifs li\u00e9s \u00e0 l&rsquo;organisation du club. L&rsquo;organigramme R\u00e8glement int\u00e9rieur du RPC-Sept 2024 Statuts du Romo Photo Club D\u00e9l\u00e9gation de pouvoir au mandataire administratif de l&rsquo;association\u00a0\u00bbRomo Photo Club\u00a0\u00bb<\/p>\n","protected":false},"author":79,"featured_media":0,"parent":31,"menu_order":0,"comment_status":"closed","ping_status":"closed","template":"","meta":{"inline_featured_image":false,"_EventAllDay":false,"_EventTimezone":"","_EventStartDate":"","_EventEndDate":"","_EventStartDateUTC":"","_EventEndDateUTC":"","_EventShowMap":false,"_EventShowMapLink":false,"_EventURL":"","_EventCost":"","_EventCostDescription":"","_EventCurrencySymbol":"","_EventCurrencyCode":"","_EventCurrencyPosition":"","_EventDateTimeSeparator":"","_EventTimeRangeSeparator":"","_EventOrganizerID":[],"_EventVenueID":[],"_OrganizerEmail":"","_OrganizerPhone":"","_OrganizerWebsite":"","_VenueAddress":"","_VenueCity":"","_VenueCountry":"","_VenueProvince":"","_VenueState":"","_VenueZip":"","_VenuePhone":"","_VenueURL":"","_VenueStateProvince":"","_VenueLat":"","_VenueLng":"","_VenueShowMap":false,"_VenueShowMapLink":false,"footnotes":""},"class_list":["post-76","page","type-page","status-publish","hentry","post"],"aioseo_notices":[],"_links":{"self":[{"href":"https:\/\/romo-photo.club\/index.php\/wp-json\/wp\/v2\/pages\/76","targetHints":{"allow":["GET"]}}],"collection":[{"href":"https:\/\/romo-photo.club\/index.php\/wp-json\/wp\/v2\/pages"}],"about":[{"href":"https:\/\/romo-photo.club\/index.php\/wp-json\/wp\/v2\/types\/page"}],"author":[{"embeddable":true,"href":"https:\/\/romo-photo.club\/index.php\/wp-json\/wp\/v2\/users\/79"}],"replies":[{"embeddable":true,"href":"https:\/\/romo-photo.club\/index.php\/wp-json\/wp\/v2\/comments?post=76"}],"version-history":[{"count":73,"href":"https:\/\/romo-photo.club\/index.php\/wp-json\/wp\/v2\/pages\/76\/revisions"}],"predecessor-version":[{"id":15036,"href":"https:\/\/romo-photo.club\/index.php\/wp-json\/wp\/v2\/pages\/76\/revisions\/15036"}],"up":[{"embeddable":true,"href":"https:\/\/romo-photo.club\/index.php\/wp-json\/wp\/v2\/pages\/31"}],"wp:attachment":[{"href":"https:\/\/romo-photo.club\/index.php\/wp-json\/wp\/v2\/media?parent=76"}],"curies":[{"name":"wp","href":"https:\/\/api.w.org\/{rel}","templated":true}]}}